{"id":10314,"date":"2024-11-05T13:36:22","date_gmt":"2024-11-05T12:36:22","guid":{"rendered":"https:\/\/www.antica.be\/?page_id=10314"},"modified":"2025-10-06T11:06:29","modified_gmt":"2025-10-06T10:06:29","slug":"conferences","status":"publish","type":"page","link":"https:\/\/www.antica.be\/fr\/conferences\/","title":{"rendered":"Conf\u00e9rences"},"content":{"rendered":"\t\t<div data-elementor-type=\"wp-page\" data-elementor-id=\"10314\" class=\"elementor elementor-10314 elementor-10313\" data-elementor-post-type=\"page\">\n\t\t\t\t<div class=\"elementor-element elementor-element-463d872 e-con-full e-flex e-con e-parent\" data-id=\"463d872\" data-element_type=\"container\">\n\t\t\t\t<div class=\"elementor-element elementor-element-185e65e elementor-widget elementor-widget-template\" data-id=\"185e65e\" data-element_type=\"widget\" data-widget_type=\"template.default\">\n\t\t\t\t<div class=\"elementor-widget-container\">\n\t\t\t\t\t\t\t<div class=\"elementor-template\">\n\t\t\t\t\t<div data-elementor-type=\"container\" data-elementor-id=\"2782\" class=\"elementor elementor-2782 elementor-369\" data-elementor-post-type=\"elementor_library\">\n\t\t\t\t<div class=\"elementor-element elementor-element-2098b71 e-flex e-con-boxed e-con e-parent\" data-id=\"2098b71\" data-element_type=\"container\" data-settings=\"{&quot;background_background&quot;:&quot;classic&quot;}\">\n\t\t\t\t\t<div class=\"e-con-inner\">\n\t\t<div class=\"elementor-element elementor-element-a5e346f e-con-full e-flex e-con e-child\" data-id=\"a5e346f\" data-element_type=\"container\">\n\t\t\t\t<div class=\"elementor-element elementor-element-6b4d074 elementor-widget elementor-widget-heading\" data-id=\"6b4d074\" data-element_type=\"widget\" data-widget_type=\"heading.default\">\n\t\t\t\t<div class=\"elementor-widget-container\">\n\t\t\t\t\t<h2 class=\"elementor-heading-title elementor-size-default\">07-15 novembre 2026<\/h2>\t\t\t\t<\/div>\n\t\t\t\t<\/div>\n\t\t\t\t<div class=\"elementor-element elementor-element-c100577 elementor-align-left elementor-hidden-desktop elementor-hidden-tablet elementor-hidden-mobile elementor-widget elementor-widget-dynamic-button\" data-id=\"c100577\" data-element_type=\"widget\" data-widget_type=\"dynamic-button.default\">\n\t\t\t\t<div class=\"elementor-widget-container\">\n\t\t\t\t\t        <div class=\"elementor-button-wrapper\">\n            <a href=\"https:\/\/register.visitcloud.com\/survey\/27rzr6np7c3cs\" target=\"_blank\" class=\"elementor-button-link elementor-button elementor-size-lg\" role=\"button\">\n                        <span class=\"elementor-button-content-wrapper\">\n\t\t\t\t\t\t<span class=\"elementor-button-text\">Tickets<\/span>\n\t\t<\/span>\n                    <\/a>\n        <\/div>\n        \t\t\t\t<\/div>\n\t\t\t\t<\/div>\n\t\t\t\t<\/div>\n\t\t<div class=\"elementor-element elementor-element-d130f46 e-con-full e-flex e-con e-child\" data-id=\"d130f46\" data-element_type=\"container\">\n\t\t\t\t<div class=\"elementor-element elementor-element-8d193fa e-transform elementor-widget elementor-widget-image\" data-id=\"8d193fa\" data-element_type=\"widget\" data-settings=\"{&quot;motion_fx_motion_fx_scrolling&quot;:&quot;yes&quot;,&quot;motion_fx_translateY_effect&quot;:&quot;yes&quot;,&quot;motion_fx_translateY_speed&quot;:{&quot;unit&quot;:&quot;px&quot;,&quot;size&quot;:7,&quot;sizes&quot;:[]},&quot;motion_fx_devices&quot;:[&quot;desktop&quot;,&quot;tablet&quot;],&quot;_transform_translateY_effect&quot;:{&quot;unit&quot;:&quot;px&quot;,&quot;size&quot;:230,&quot;sizes&quot;:[]},&quot;_transform_translateY_effect_tablet&quot;:{&quot;unit&quot;:&quot;px&quot;,&quot;size&quot;:100,&quot;sizes&quot;:[]},&quot;_transform_translateY_effect_mobile&quot;:{&quot;unit&quot;:&quot;px&quot;,&quot;size&quot;:40,&quot;sizes&quot;:[]},&quot;motion_fx_translateY_affectedRange&quot;:{&quot;unit&quot;:&quot;%&quot;,&quot;size&quot;:&quot;&quot;,&quot;sizes&quot;:{&quot;start&quot;:0,&quot;end&quot;:100}},&quot;_transform_translateX_effect&quot;:{&quot;unit&quot;:&quot;px&quot;,&quot;size&quot;:&quot;&quot;,&quot;sizes&quot;:[]},&quot;_transform_translateX_effect_tablet&quot;:{&quot;unit&quot;:&quot;px&quot;,&quot;size&quot;:&quot;&quot;,&quot;sizes&quot;:[]},&quot;_transform_translateX_effect_mobile&quot;:{&quot;unit&quot;:&quot;px&quot;,&quot;size&quot;:&quot;&quot;,&quot;sizes&quot;:[]}}\" data-widget_type=\"image.default\">\n\t\t\t\t<div class=\"elementor-widget-container\">\n\t\t\t\t\t\t\t\t\t\t\t\t\t\t\t<img decoding=\"async\" width=\"190\" height=\"215\" src=\"https:\/\/easyfairsassets.com\/sites\/332\/2024\/07\/N_Icon.svg\" class=\"attachment-large size-large wp-image-76\" alt=\"\" \/>\t\t\t\t\t\t\t\t\t\t\t\t\t\t\t<\/div>\n\t\t\t\t<\/div>\n\t\t\t\t<\/div>\n\t\t\t\t\t<\/div>\n\t\t\t\t<\/div>\n\t\t\t\t<\/div>\n\t\t\t\t<\/div>\n\t\t\t\t\t\t<\/div>\n\t\t\t\t<\/div>\n\t\t\t\t<\/div>\n\t\t<div class=\"elementor-element elementor-element-a03a0e9 e-flex e-con-boxed e-con e-parent\" data-id=\"a03a0e9\" data-element_type=\"container\">\n\t\t\t\t\t<div class=\"e-con-inner\">\n\t\t\t\t<div class=\"elementor-element elementor-element-7ffb12b elementor-widget elementor-widget-heading\" data-id=\"7ffb12b\" data-element_type=\"widget\" data-widget_type=\"heading.default\">\n\t\t\t\t<div class=\"elementor-widget-container\">\n\t\t\t\t\t<h2 class=\"elementor-heading-title elementor-size-default\">Conf\u00e9rences<\/h2>\t\t\t\t<\/div>\n\t\t\t\t<\/div>\n\t\t\t\t\t<\/div>\n\t\t\t\t<\/div>\n\t\t<div class=\"elementor-element elementor-element-0d399f9 e-flex e-con-boxed e-con e-parent\" data-id=\"0d399f9\" data-element_type=\"container\">\n\t\t\t\t\t<div class=\"e-con-inner\">\n\t\t\t\t<div class=\"elementor-element elementor-element-a04a7cb elementor-widget elementor-widget-text-editor\" data-id=\"a04a7cb\" data-element_type=\"widget\" data-widget_type=\"text-editor.default\">\n\t\t\t\t<div class=\"elementor-widget-container\">\n\t\t\t\t\t\t\t\t\t<p><strong><span style=\"color: #a48549;\">Antica<\/span><\/strong> Namur vous invite \u00e0 d\u00e9couvrir les histoires derri\u00e8re des \u0153uvres remarquables gr\u00e2ce \u00e0 notre s\u00e9rie de conf\u00e9rences <strong><span style=\"color: #a48549;\">Art Talks<\/span><\/strong>.<br data-start=\"190\" data-end=\"193\" \/>Rejoignez des <strong><span style=\"color: #a48549;\">experts<\/span><\/strong>\u00a0 renomm\u00e9s qui partageront leurs analyses, d\u00e9voileront les sens cach\u00e9s et feront vivre <span style=\"color: #8b784a;\"><strong>le monde de l\u2019art<\/strong><\/span>.<\/p>\n<p>Le programme est en pr\u00e9paration et sera bient\u00f4t publi\u00e9.<\/p>\n\t\t\t\t\t\t\t\t<\/div>\n\t\t\t\t<\/div>\n\t\t\t\t\t<\/div>\n\t\t\t\t<\/div>\n\t\t\t\t<\/div>\n\t\t","protected":false},"excerpt":{"rendered":"<p>Conf\u00e9rences Antica Namur vous invite \u00e0 d\u00e9couvrir les histoires derri\u00e8re des \u0153uvres remarquables gr\u00e2ce \u00e0 notre s\u00e9rie de conf\u00e9rences Art Talks.Rejoignez des experts\u00a0 renomm\u00e9s qui partageront leurs analyses, d\u00e9voileront les sens cach\u00e9s et feront vivre le monde de l\u2019art. Le programme est en pr\u00e9paration et sera bient\u00f4t publi\u00e9.<\/p>\n","protected":false},"author":139,"featured_media":1435,"parent":0,"menu_order":3,"comment_status":"closed","ping_status":"closed","template":"","meta":{"_seopress_robots_primary_cat":"","_seopress_titles_title":"Conf\u00e9rences","_seopress_titles_desc":"Antica Namur c\u00e9l\u00e8bre des \u0153uvres qui ont marqu\u00e9 le monde de l\u2019art.","_seopress_robots_index":"","footnotes":""},"class_list":["post-10314","page","type-page","status-publish","has-post-thumbnail","hentry"],"_links":{"self":[{"href":"https:\/\/www.antica.be\/fr\/wp-json\/wp\/v2\/pages\/10314","targetHints":{"allow":["GET"]}}],"collection":[{"href":"https:\/\/www.antica.be\/fr\/wp-json\/wp\/v2\/pages"}],"about":[{"href":"https:\/\/www.antica.be\/fr\/wp-json\/wp\/v2\/types\/page"}],"author":[{"embeddable":true,"href":"https:\/\/www.antica.be\/fr\/wp-json\/wp\/v2\/users\/139"}],"replies":[{"embeddable":true,"href":"https:\/\/www.antica.be\/fr\/wp-json\/wp\/v2\/comments?post=10314"}],"version-history":[{"count":5,"href":"https:\/\/www.antica.be\/fr\/wp-json\/wp\/v2\/pages\/10314\/revisions"}],"predecessor-version":[{"id":17614,"href":"https:\/\/www.antica.be\/fr\/wp-json\/wp\/v2\/pages\/10314\/revisions\/17614"}],"wp:featuredmedia":[{"embeddable":true,"href":"https:\/\/www.antica.be\/fr\/wp-json\/wp\/v2\/media\/1435"}],"wp:attachment":[{"href":"https:\/\/www.antica.be\/fr\/wp-json\/wp\/v2\/media?parent=10314"}],"curies":[{"name":"wp","href":"https:\/\/api.w.org\/{rel}","templated":true}]}}