{"id":1961,"date":"2024-07-03T09:38:04","date_gmt":"2024-07-03T08:38:04","guid":{"rendered":"https:\/\/www.antica.be\/a-propos-dantica\/"},"modified":"2025-11-17T14:39:57","modified_gmt":"2025-11-17T13:39:57","slug":"a-propos-dantica","status":"publish","type":"page","link":"https:\/\/www.antica.be\/fr\/a-propos-dantica\/","title":{"rendered":"A propos d&#8217;Antica"},"content":{"rendered":"\t\t<div data-elementor-type=\"wp-page\" data-elementor-id=\"1961\" class=\"elementor elementor-1961 elementor-113\" data-elementor-post-type=\"page\">\n\t\t\t\t<div class=\"elementor-element elementor-element-463d872 e-con-full e-flex e-con e-parent\" data-id=\"463d872\" data-element_type=\"container\">\n\t\t\t\t<div class=\"elementor-element elementor-element-185e65e elementor-widget elementor-widget-template\" data-id=\"185e65e\" data-element_type=\"widget\" data-widget_type=\"template.default\">\n\t\t\t\t<div class=\"elementor-widget-container\">\n\t\t\t\t\t\t\t<div class=\"elementor-template\">\n\t\t\t\t\t<div data-elementor-type=\"container\" data-elementor-id=\"2782\" class=\"elementor elementor-2782 elementor-369\" data-elementor-post-type=\"elementor_library\">\n\t\t\t\t<div class=\"elementor-element elementor-element-2098b71 e-flex e-con-boxed e-con e-parent\" data-id=\"2098b71\" data-element_type=\"container\" data-settings=\"{&quot;background_background&quot;:&quot;classic&quot;}\">\n\t\t\t\t\t<div class=\"e-con-inner\">\n\t\t<div class=\"elementor-element elementor-element-a5e346f e-con-full e-flex e-con e-child\" data-id=\"a5e346f\" data-element_type=\"container\">\n\t\t\t\t<div class=\"elementor-element elementor-element-6b4d074 elementor-widget elementor-widget-heading\" data-id=\"6b4d074\" data-element_type=\"widget\" data-widget_type=\"heading.default\">\n\t\t\t\t<div class=\"elementor-widget-container\">\n\t\t\t\t\t<h2 class=\"elementor-heading-title elementor-size-default\">07-15 novembre 2026<\/h2>\t\t\t\t<\/div>\n\t\t\t\t<\/div>\n\t\t\t\t<div class=\"elementor-element elementor-element-c100577 elementor-align-left elementor-hidden-desktop elementor-hidden-tablet elementor-hidden-mobile elementor-widget elementor-widget-dynamic-button\" data-id=\"c100577\" data-element_type=\"widget\" data-widget_type=\"dynamic-button.default\">\n\t\t\t\t<div class=\"elementor-widget-container\">\n\t\t\t\t\t        <div class=\"elementor-button-wrapper\">\n            <a href=\"https:\/\/register.visitcloud.com\/survey\/27rzr6np7c3cs\" target=\"_blank\" class=\"elementor-button-link elementor-button elementor-size-lg\" role=\"button\">\n                        <span class=\"elementor-button-content-wrapper\">\n\t\t\t\t\t\t<span class=\"elementor-button-text\">Tickets<\/span>\n\t\t<\/span>\n                    <\/a>\n        <\/div>\n        \t\t\t\t<\/div>\n\t\t\t\t<\/div>\n\t\t\t\t<\/div>\n\t\t<div class=\"elementor-element elementor-element-d130f46 e-con-full e-flex e-con e-child\" data-id=\"d130f46\" data-element_type=\"container\">\n\t\t\t\t<div class=\"elementor-element elementor-element-8d193fa e-transform elementor-widget elementor-widget-image\" data-id=\"8d193fa\" data-element_type=\"widget\" data-settings=\"{&quot;motion_fx_motion_fx_scrolling&quot;:&quot;yes&quot;,&quot;motion_fx_translateY_effect&quot;:&quot;yes&quot;,&quot;motion_fx_translateY_speed&quot;:{&quot;unit&quot;:&quot;px&quot;,&quot;size&quot;:7,&quot;sizes&quot;:[]},&quot;motion_fx_devices&quot;:[&quot;desktop&quot;,&quot;tablet&quot;],&quot;_transform_translateY_effect&quot;:{&quot;unit&quot;:&quot;px&quot;,&quot;size&quot;:230,&quot;sizes&quot;:[]},&quot;_transform_translateY_effect_tablet&quot;:{&quot;unit&quot;:&quot;px&quot;,&quot;size&quot;:100,&quot;sizes&quot;:[]},&quot;_transform_translateY_effect_mobile&quot;:{&quot;unit&quot;:&quot;px&quot;,&quot;size&quot;:40,&quot;sizes&quot;:[]},&quot;motion_fx_translateY_affectedRange&quot;:{&quot;unit&quot;:&quot;%&quot;,&quot;size&quot;:&quot;&quot;,&quot;sizes&quot;:{&quot;start&quot;:0,&quot;end&quot;:100}},&quot;_transform_translateX_effect&quot;:{&quot;unit&quot;:&quot;px&quot;,&quot;size&quot;:&quot;&quot;,&quot;sizes&quot;:[]},&quot;_transform_translateX_effect_tablet&quot;:{&quot;unit&quot;:&quot;px&quot;,&quot;size&quot;:&quot;&quot;,&quot;sizes&quot;:[]},&quot;_transform_translateX_effect_mobile&quot;:{&quot;unit&quot;:&quot;px&quot;,&quot;size&quot;:&quot;&quot;,&quot;sizes&quot;:[]}}\" data-widget_type=\"image.default\">\n\t\t\t\t<div class=\"elementor-widget-container\">\n\t\t\t\t\t\t\t\t\t\t\t\t\t\t\t<img decoding=\"async\" width=\"190\" height=\"215\" src=\"https:\/\/easyfairsassets.com\/sites\/332\/2024\/07\/N_Icon.svg\" class=\"attachment-large size-large wp-image-76\" alt=\"\" \/>\t\t\t\t\t\t\t\t\t\t\t\t\t\t\t<\/div>\n\t\t\t\t<\/div>\n\t\t\t\t<\/div>\n\t\t\t\t\t<\/div>\n\t\t\t\t<\/div>\n\t\t\t\t<\/div>\n\t\t\t\t<\/div>\n\t\t\t\t\t\t<\/div>\n\t\t\t\t<\/div>\n\t\t\t\t<\/div>\n\t\t<div class=\"elementor-element elementor-element-a257ae6 e-flex e-con-boxed e-con e-parent\" data-id=\"a257ae6\" data-element_type=\"container\" data-settings=\"{&quot;animation&quot;:&quot;none&quot;}\">\n\t\t\t\t\t<div class=\"e-con-inner\">\n\t\t\t\t<div class=\"elementor-element elementor-element-9e80a60 elementor-widget elementor-widget-spacer\" data-id=\"9e80a60\" data-element_type=\"widget\" data-widget_type=\"spacer.default\">\n\t\t\t\t<div class=\"elementor-widget-container\">\n\t\t\t\t\t\t\t<div class=\"elementor-spacer\">\n\t\t\t<div class=\"elementor-spacer-inner\"><\/div>\n\t\t<\/div>\n\t\t\t\t\t\t<\/div>\n\t\t\t\t<\/div>\n\t\t\t\t<div class=\"elementor-element elementor-element-54c196d elementor-widget elementor-widget-heading\" data-id=\"54c196d\" data-element_type=\"widget\" data-settings=\"{&quot;_animation&quot;:&quot;none&quot;}\" data-widget_type=\"heading.default\">\n\t\t\t\t<div class=\"elementor-widget-container\">\n\t\t\t\t\t<h2 class=\"elementor-heading-title elementor-size-default\">O\u00f9 la tradition rencontre l\u2019excellence<\/h2>\t\t\t\t<\/div>\n\t\t\t\t<\/div>\n\t\t\t\t<div class=\"elementor-element elementor-element-19c90fa elementor-widget elementor-widget-text-editor\" data-id=\"19c90fa\" data-element_type=\"widget\" data-widget_type=\"text-editor.default\">\n\t\t\t\t<div class=\"elementor-widget-container\">\n\t\t\t\t\t\t\t\t\t<p>Ancr\u00e9e dans des si\u00e8cles de patrimoine artistique, <strong><span style=\"color: #a48549;\">Antica<\/span><\/strong> Namur c\u00e9l\u00e8bre la beaut\u00e9 intemporelle avec une touche contemporaine.<\/p>\n<p>Des chefs-d\u2019\u0153uvre classiques aux tr\u00e9sors rares, la foire r\u00e9unit savoir-faire, tradition et une s\u00e9lection soign\u00e9e, dans une atmosph\u00e8re o\u00f9 l\u2019\u00e9l\u00e9gance s\u2019exprime d\u2019elle-m\u00eame.<\/p>\n\t\t\t\t\t\t\t\t<\/div>\n\t\t\t\t<\/div>\n\t\t\t\t\t<\/div>\n\t\t\t\t<\/div>\n\t\t<div class=\"elementor-element elementor-element-f1e72ed e-flex e-con-boxed e-con e-parent\" data-id=\"f1e72ed\" data-element_type=\"container\" data-settings=\"{&quot;background_background&quot;:&quot;classic&quot;}\">\n\t\t\t\t\t<div class=\"e-con-inner\">\n\t\t<div class=\"elementor-element elementor-element-1a8ffa2 e-con-full e-flex e-con e-child\" data-id=\"1a8ffa2\" data-element_type=\"container\">\n\t\t\t\t<div class=\"elementor-element elementor-element-c801f44 elementor-widget elementor-widget-heading\" data-id=\"c801f44\" data-element_type=\"widget\" data-settings=\"{&quot;_animation&quot;:&quot;none&quot;}\" data-widget_type=\"heading.default\">\n\t\t\t\t<div class=\"elementor-widget-container\">\n\t\t\t\t\t<h2 class=\"elementor-heading-title elementor-size-default\">Notre histoire<\/h2>\t\t\t\t<\/div>\n\t\t\t\t<\/div>\n\t\t\t\t<div class=\"elementor-element elementor-element-48429d3 elementor-widget elementor-widget-text-editor\" data-id=\"48429d3\" data-element_type=\"widget\" data-widget_type=\"text-editor.default\">\n\t\t\t\t<div class=\"elementor-widget-container\">\n\t\t\t\t\t\t\t\t\tDepuis 1977, <strong><span style=\"color: #a48549;\">Antica<\/span><\/strong>\u00a0 c\u00e9l\u00e8bre la beaut\u00e9 intemporelle, le patrimoine et l\u2019excellence artistique.<br><p data-start=\"62\" data-end=\"244\">N\u00e9e d\u2019une passion pour les beaux-arts et les antiquit\u00e9s, la foire est devenue un rendez-vous prestigieux r\u00e9unissant des galeries renomm\u00e9es, des collectionneurs et des connaisseurs.<\/p><br><p data-start=\"246\" data-end=\"562\" data-is-last-node=\"\" data-is-only-node=\"\">Antica Namur Fine Art Fair pr\u00e9sente un large \u00e9ventail d\u2019arts d\u00e9coratifs des XVIII\u1d49 et XIX\u1d49 si\u00e8cles, des ma\u00eetres anciens, des peintures et sculptures modernes et contemporaines, des bijoux anciens et d\u2019artistes, ainsi que du mobilier allant de la Haute \u00c9poque \u00e0 l\u2019\u00e9poque moderne, sans oublier le design.<\/p>\t\t\t\t\t\t\t\t<\/div>\n\t\t\t\t<\/div>\n\t\t\t\t<\/div>\n\t\t<div class=\"elementor-element elementor-element-78d905f e-con-full e-flex e-con e-child\" data-id=\"78d905f\" data-element_type=\"container\">\n\t\t\t\t<div class=\"elementor-element elementor-element-84cc536 elementor-widget elementor-widget-image\" data-id=\"84cc536\" data-element_type=\"widget\" data-widget_type=\"image.default\">\n\t\t\t\t<div class=\"elementor-widget-container\">\n\t\t\t\t\t\t\t\t\t\t\t\t\t\t\t<img fetchpriority=\"high\" decoding=\"async\" width=\"800\" height=\"534\" src=\"https:\/\/easyfairsassets.com\/sites\/332\/2025\/11\/DPB_0056-1024x683.jpg\" class=\"attachment-large size-large wp-image-20452\" alt=\"\" srcset=\"https:\/\/easyfairsassets.com\/sites\/332\/2025\/11\/DPB_0056-1024x683.jpg 1024w, https:\/\/easyfairsassets.com\/sites\/332\/2025\/11\/DPB_0056-300x200.jpg 300w, https:\/\/easyfairsassets.com\/sites\/332\/2025\/11\/DPB_0056-768x512.jpg 768w, https:\/\/easyfairsassets.com\/sites\/332\/2025\/11\/DPB_0056-1536x1024.jpg 1536w, https:\/\/easyfairsassets.com\/sites\/332\/2025\/11\/DPB_0056.jpg 2048w\" sizes=\"(max-width: 800px) 100vw, 800px\" \/>\t\t\t\t\t\t\t\t\t\t\t\t\t\t\t<\/div>\n\t\t\t\t<\/div>\n\t\t\t\t<\/div>\n\t\t\t\t\t<\/div>\n\t\t\t\t<\/div>\n\t\t<div class=\"elementor-element elementor-element-4df8267 e-flex e-con-boxed e-con e-parent\" data-id=\"4df8267\" data-element_type=\"container\" data-settings=\"{&quot;background_background&quot;:&quot;classic&quot;}\">\n\t\t\t\t\t<div class=\"e-con-inner\">\n\t\t<div class=\"elementor-element elementor-element-2e8fe1a e-con-full e-flex e-con e-child\" data-id=\"2e8fe1a\" data-element_type=\"container\">\n\t\t\t\t<div class=\"elementor-element elementor-element-3a0d54b elementor-widget elementor-widget-image\" data-id=\"3a0d54b\" data-element_type=\"widget\" data-widget_type=\"image.default\">\n\t\t\t\t<div class=\"elementor-widget-container\">\n\t\t\t\t\t\t\t\t\t\t\t\t\t\t\t<img decoding=\"async\" width=\"800\" height=\"534\" src=\"https:\/\/easyfairsassets.com\/sites\/332\/2025\/11\/DPA_2356-1024x683.jpg\" class=\"attachment-large size-large wp-image-20404\" alt=\"\" srcset=\"https:\/\/easyfairsassets.com\/sites\/332\/2025\/11\/DPA_2356-1024x683.jpg 1024w, https:\/\/easyfairsassets.com\/sites\/332\/2025\/11\/DPA_2356-300x200.jpg 300w, https:\/\/easyfairsassets.com\/sites\/332\/2025\/11\/DPA_2356-768x512.jpg 768w, https:\/\/easyfairsassets.com\/sites\/332\/2025\/11\/DPA_2356-1536x1024.jpg 1536w, https:\/\/easyfairsassets.com\/sites\/332\/2025\/11\/DPA_2356.jpg 2048w\" sizes=\"(max-width: 800px) 100vw, 800px\" \/>\t\t\t\t\t\t\t\t\t\t\t\t\t\t\t<\/div>\n\t\t\t\t<\/div>\n\t\t\t\t<\/div>\n\t\t<div class=\"elementor-element elementor-element-ab31a57 e-con-full e-flex e-con e-child\" data-id=\"ab31a57\" data-element_type=\"container\">\n\t\t\t\t<div class=\"elementor-element elementor-element-24016b6 elementor-widget elementor-widget-heading\" data-id=\"24016b6\" data-element_type=\"widget\" data-settings=\"{&quot;_animation&quot;:&quot;none&quot;}\" data-widget_type=\"heading.default\">\n\t\t\t\t<div class=\"elementor-widget-container\">\n\t\t\t\t\t<h2 class=\"elementor-heading-title elementor-size-default\">Nos galeries<\/h2>\t\t\t\t<\/div>\n\t\t\t\t<\/div>\n\t\t\t\t<div class=\"elementor-element elementor-element-6a3c0dc elementor-widget elementor-widget-text-editor\" data-id=\"6a3c0dc\" data-element_type=\"widget\" data-widget_type=\"text-editor.default\">\n\t\t\t\t<div class=\"elementor-widget-container\">\n\t\t\t\t\t\t\t\t\t<p data-start=\"57\" data-end=\"231\"><strong><span style=\"color: #a48549;\">Antica<\/span><\/strong> r\u00e9unit des galeries de premier plan venues de toute l\u2019Europe et d\u2019ailleurs, offrant une s\u00e9lection soign\u00e9e d\u2019\u0153uvres d\u2019art, d\u2019antiquit\u00e9s et de tr\u00e9sors intemporels.<\/p>\n<p><\/p>\n<p data-start=\"233\" data-end=\"518\">Des grandes maisons internationales aux jeunes antiquaires et galeristes de <strong>Belgique, de France, des Pays-Bas, d\u2019Allemagne, d\u2019Italie, de Suisse, d\u2019Espagne et du Luxembourg<\/strong>, la foire pr\u00e9sente une s\u00e9lection \u00e9clectique qui refl\u00e8te la richesse et la diversit\u00e9 de l\u2019histoire de l\u2019art.<\/p>\n\t\t\t\t\t\t\t\t<\/div>\n\t\t\t\t<\/div>\n\t\t\t\t<\/div>\n\t\t\t\t\t<\/div>\n\t\t\t\t<\/div>\n\t\t<div class=\"elementor-element elementor-element-3d70ff1 e-flex e-con-boxed e-con e-parent\" data-id=\"3d70ff1\" data-element_type=\"container\" data-settings=\"{&quot;background_background&quot;:&quot;classic&quot;}\">\n\t\t\t\t\t<div class=\"e-con-inner\">\n\t\t<div class=\"elementor-element elementor-element-2f60c23 e-con-full e-flex e-con e-child\" data-id=\"2f60c23\" data-element_type=\"container\">\n\t\t\t\t<div class=\"elementor-element elementor-element-4c85edb elementor-widget elementor-widget-heading\" data-id=\"4c85edb\" data-element_type=\"widget\" data-settings=\"{&quot;_animation&quot;:&quot;none&quot;}\" data-widget_type=\"heading.default\">\n\t\t\t\t<div class=\"elementor-widget-container\">\n\t\t\t\t\t<h2 class=\"elementor-heading-title elementor-size-default\">L\u2019authenticit\u00e9 avant tout<\/h2>\t\t\t\t<\/div>\n\t\t\t\t<\/div>\n\t\t\t\t<div class=\"elementor-element elementor-element-897463d elementor-widget elementor-widget-text-editor\" data-id=\"897463d\" data-element_type=\"widget\" data-widget_type=\"text-editor.default\">\n\t\t\t\t<div class=\"elementor-widget-container\">\n\t\t\t\t\t\t\t\t\t<p>Privil\u00e9giant <strong>l\u2019authenticit\u00e9<\/strong> des \u0153uvres et <strong>la confiance<\/strong> des acheteurs, <strong>25<\/strong> experts sont en charge du contr\u00f4le de la marchandise avant l\u2019ouverture des portes du salon.<\/p>\n<p>Durant toute la p\u00e9riode du salon, <strong>2 experts<\/strong> sont \u00e0 votre disposition pour vous informer et vous conseiller sur les pi\u00e8ces pr\u00e9sent\u00e9es.<\/p>\n<p><em><span style=\"color: #a48549;\">Attention:<\/span> seuls les objets expos\u00e9s sur le salon seront expertis\u00e9s par les experts. <strong>Pas d\u2019expertise priv\u00e9e.<\/strong><\/em><\/p>\n\t\t\t\t\t\t\t\t<\/div>\n\t\t\t\t<\/div>\n\t\t\t\t<\/div>\n\t\t<div class=\"elementor-element elementor-element-4d6df11 e-con-full e-flex e-con e-child\" data-id=\"4d6df11\" data-element_type=\"container\">\n\t\t\t\t<div class=\"elementor-element elementor-element-c137180 elementor-widget elementor-widget-image\" data-id=\"c137180\" data-element_type=\"widget\" data-widget_type=\"image.default\">\n\t\t\t\t<div class=\"elementor-widget-container\">\n\t\t\t\t\t\t\t\t\t\t\t\t\t\t\t<img loading=\"lazy\" decoding=\"async\" width=\"800\" height=\"534\" src=\"https:\/\/easyfairsassets.com\/sites\/332\/2025\/11\/DPA_3080-1024x683.jpg\" class=\"attachment-large size-large wp-image-20573\" alt=\"\" srcset=\"https:\/\/easyfairsassets.com\/sites\/332\/2025\/11\/DPA_3080-1024x683.jpg 1024w, https:\/\/easyfairsassets.com\/sites\/332\/2025\/11\/DPA_3080-300x200.jpg 300w, https:\/\/easyfairsassets.com\/sites\/332\/2025\/11\/DPA_3080-768x512.jpg 768w, https:\/\/easyfairsassets.com\/sites\/332\/2025\/11\/DPA_3080-1536x1024.jpg 1536w, https:\/\/easyfairsassets.com\/sites\/332\/2025\/11\/DPA_3080.jpg 2048w\" sizes=\"(max-width: 800px) 100vw, 800px\" \/>\t\t\t\t\t\t\t\t\t\t\t\t\t\t\t<\/div>\n\t\t\t\t<\/div>\n\t\t\t\t<\/div>\n\t\t\t\t\t<\/div>\n\t\t\t\t<\/div>\n\t\t\t\t<\/div>\n\t\t","protected":false},"excerpt":{"rendered":"<p>O\u00f9 la tradition rencontre l\u2019excellence Ancr\u00e9e dans des si\u00e8cles de patrimoine artistique, Antica Namur c\u00e9l\u00e8bre la beaut\u00e9 intemporelle avec une touche contemporaine. Des chefs-d\u2019\u0153uvre classiques aux tr\u00e9sors rares, la foire r\u00e9unit savoir-faire, tradition et une s\u00e9lection soign\u00e9e, dans une atmosph\u00e8re o\u00f9 l\u2019\u00e9l\u00e9gance s\u2019exprime d\u2019elle-m\u00eame. Notre histoire Depuis 1977, Antica\u00a0 c\u00e9l\u00e8bre la beaut\u00e9 intemporelle, le patrimoine [&hellip;]<\/p>\n","protected":false},"author":933,"featured_media":1435,"parent":0,"menu_order":3,"comment_status":"closed","ping_status":"closed","template":"","meta":{"_seopress_robots_primary_cat":"","_seopress_titles_title":"A propos","_seopress_titles_desc":"Le salon Antica Namur a suivi un parcours exemplaire depuis sa cr\u00e9ation et, tout au long des 48 ann\u00e9es \u00e9coul\u00e9es, a connu une progression constante en qualit\u00e9.","_seopress_robots_index":"","footnotes":""},"class_list":["post-1961","page","type-page","status-publish","has-post-thumbnail","hentry"],"_links":{"self":[{"href":"https:\/\/www.antica.be\/fr\/wp-json\/wp\/v2\/pages\/1961","targetHints":{"allow":["GET"]}}],"collection":[{"href":"https:\/\/www.antica.be\/fr\/wp-json\/wp\/v2\/pages"}],"about":[{"href":"https:\/\/www.antica.be\/fr\/wp-json\/wp\/v2\/types\/page"}],"author":[{"embeddable":true,"href":"https:\/\/www.antica.be\/fr\/wp-json\/wp\/v2\/users\/933"}],"replies":[{"embeddable":true,"href":"https:\/\/www.antica.be\/fr\/wp-json\/wp\/v2\/comments?post=1961"}],"version-history":[{"count":5,"href":"https:\/\/www.antica.be\/fr\/wp-json\/wp\/v2\/pages\/1961\/revisions"}],"predecessor-version":[{"id":20580,"href":"https:\/\/www.antica.be\/fr\/wp-json\/wp\/v2\/pages\/1961\/revisions\/20580"}],"wp:featuredmedia":[{"embeddable":true,"href":"https:\/\/www.antica.be\/fr\/wp-json\/wp\/v2\/media\/1435"}],"wp:attachment":[{"href":"https:\/\/www.antica.be\/fr\/wp-json\/wp\/v2\/media?parent=1961"}],"curies":[{"name":"wp","href":"https:\/\/api.w.org\/{rel}","templated":true}]}}