{"id":1984,"date":"2024-07-18T16:39:23","date_gmt":"2024-07-18T15:39:23","guid":{"rendered":"https:\/\/www.antica.be\/partenaire-premium\/"},"modified":"2025-08-18T11:09:00","modified_gmt":"2025-08-18T10:09:00","slug":"partenaire-premium","status":"publish","type":"page","link":"https:\/\/www.antica.be\/fr\/partenaire-premium\/","title":{"rendered":"Partenaire Premium"},"content":{"rendered":"\t\t<div data-elementor-type=\"wp-page\" data-elementor-id=\"1984\" class=\"elementor elementor-1984 elementor-921\" data-elementor-post-type=\"page\">\n\t\t\t\t<div class=\"elementor-element elementor-element-8cdcd03 e-con-full e-flex e-con e-parent\" data-id=\"8cdcd03\" data-element_type=\"container\">\n\t\t\t\t<div class=\"elementor-element elementor-element-80b3a30 elementor-widget elementor-widget-template\" data-id=\"80b3a30\" data-element_type=\"widget\" data-widget_type=\"template.default\">\n\t\t\t\t<div class=\"elementor-widget-container\">\n\t\t\t\t\t\t\t<div class=\"elementor-template\">\n\t\t\t\t\t<div data-elementor-type=\"container\" data-elementor-id=\"2782\" class=\"elementor elementor-2782 elementor-369\" data-elementor-post-type=\"elementor_library\">\n\t\t\t\t<div class=\"elementor-element elementor-element-2098b71 e-flex e-con-boxed e-con e-parent\" data-id=\"2098b71\" data-element_type=\"container\" data-settings=\"{&quot;background_background&quot;:&quot;classic&quot;}\">\n\t\t\t\t\t<div class=\"e-con-inner\">\n\t\t<div class=\"elementor-element elementor-element-a5e346f e-con-full e-flex e-con e-child\" data-id=\"a5e346f\" data-element_type=\"container\">\n\t\t\t\t<div class=\"elementor-element elementor-element-6b4d074 elementor-widget elementor-widget-heading\" data-id=\"6b4d074\" data-element_type=\"widget\" data-widget_type=\"heading.default\">\n\t\t\t\t<div class=\"elementor-widget-container\">\n\t\t\t\t\t<h2 class=\"elementor-heading-title elementor-size-default\">07-15 novembre 2026<\/h2>\t\t\t\t<\/div>\n\t\t\t\t<\/div>\n\t\t\t\t<div class=\"elementor-element elementor-element-c100577 elementor-align-left elementor-hidden-desktop elementor-hidden-tablet elementor-hidden-mobile elementor-widget elementor-widget-dynamic-button\" data-id=\"c100577\" data-element_type=\"widget\" data-widget_type=\"dynamic-button.default\">\n\t\t\t\t<div class=\"elementor-widget-container\">\n\t\t\t\t\t        <div class=\"elementor-button-wrapper\">\n            <a href=\"https:\/\/register.visitcloud.com\/survey\/27rzr6np7c3cs\" target=\"_blank\" class=\"elementor-button-link elementor-button elementor-size-lg\" role=\"button\">\n                        <span class=\"elementor-button-content-wrapper\">\n\t\t\t\t\t\t<span class=\"elementor-button-text\">Tickets<\/span>\n\t\t<\/span>\n                    <\/a>\n        <\/div>\n        \t\t\t\t<\/div>\n\t\t\t\t<\/div>\n\t\t\t\t<\/div>\n\t\t<div class=\"elementor-element elementor-element-d130f46 e-con-full e-flex e-con e-child\" data-id=\"d130f46\" data-element_type=\"container\">\n\t\t\t\t<div class=\"elementor-element elementor-element-8d193fa e-transform elementor-widget elementor-widget-image\" data-id=\"8d193fa\" data-element_type=\"widget\" data-settings=\"{&quot;motion_fx_motion_fx_scrolling&quot;:&quot;yes&quot;,&quot;motion_fx_translateY_effect&quot;:&quot;yes&quot;,&quot;motion_fx_translateY_speed&quot;:{&quot;unit&quot;:&quot;px&quot;,&quot;size&quot;:7,&quot;sizes&quot;:[]},&quot;motion_fx_devices&quot;:[&quot;desktop&quot;,&quot;tablet&quot;],&quot;_transform_translateY_effect&quot;:{&quot;unit&quot;:&quot;px&quot;,&quot;size&quot;:230,&quot;sizes&quot;:[]},&quot;_transform_translateY_effect_tablet&quot;:{&quot;unit&quot;:&quot;px&quot;,&quot;size&quot;:100,&quot;sizes&quot;:[]},&quot;_transform_translateY_effect_mobile&quot;:{&quot;unit&quot;:&quot;px&quot;,&quot;size&quot;:40,&quot;sizes&quot;:[]},&quot;motion_fx_translateY_affectedRange&quot;:{&quot;unit&quot;:&quot;%&quot;,&quot;size&quot;:&quot;&quot;,&quot;sizes&quot;:{&quot;start&quot;:0,&quot;end&quot;:100}},&quot;_transform_translateX_effect&quot;:{&quot;unit&quot;:&quot;px&quot;,&quot;size&quot;:&quot;&quot;,&quot;sizes&quot;:[]},&quot;_transform_translateX_effect_tablet&quot;:{&quot;unit&quot;:&quot;px&quot;,&quot;size&quot;:&quot;&quot;,&quot;sizes&quot;:[]},&quot;_transform_translateX_effect_mobile&quot;:{&quot;unit&quot;:&quot;px&quot;,&quot;size&quot;:&quot;&quot;,&quot;sizes&quot;:[]}}\" data-widget_type=\"image.default\">\n\t\t\t\t<div class=\"elementor-widget-container\">\n\t\t\t\t\t\t\t\t\t\t\t\t\t\t\t<img decoding=\"async\" width=\"190\" height=\"215\" src=\"https:\/\/easyfairsassets.com\/sites\/332\/2024\/07\/N_Icon.svg\" class=\"attachment-large size-large wp-image-76\" alt=\"\" \/>\t\t\t\t\t\t\t\t\t\t\t\t\t\t\t<\/div>\n\t\t\t\t<\/div>\n\t\t\t\t<\/div>\n\t\t\t\t\t<\/div>\n\t\t\t\t<\/div>\n\t\t\t\t<\/div>\n\t\t\t\t<\/div>\n\t\t\t\t\t\t<\/div>\n\t\t\t\t<\/div>\n\t\t\t\t<\/div>\n\t\t<div class=\"elementor-element elementor-element-c961539 e-flex e-con-boxed e-con e-parent\" data-id=\"c961539\" data-element_type=\"container\">\n\t\t\t\t\t<div class=\"e-con-inner\">\n\t\t<div class=\"elementor-element elementor-element-6ee275a e-con-full e-flex e-con e-child\" data-id=\"6ee275a\" data-element_type=\"container\" data-settings=\"{&quot;background_background&quot;:&quot;classic&quot;}\">\n\t\t\t\t<div class=\"elementor-element elementor-element-95f4b84 elementor-widget elementor-widget-image\" data-id=\"95f4b84\" data-element_type=\"widget\" data-widget_type=\"image.default\">\n\t\t\t\t<div class=\"elementor-widget-container\">\n\t\t\t\t\t\t\t\t\t\t\t\t\t\t\t\t<a href=\"https:\/\/www.cbc.be\/private-banking\/fr.html\" target=\"_blank\">\n\t\t\t\t\t\t\t<img decoding=\"async\" src=\"https:\/\/easyfairsassets.com\/sites\/332\/elementor\/thumbs\/CBC_PrivateBanking_U_NEGATIFK-r7l9tqhic7nx4fr4kjhna740ild9qkvocnlc59cizc.png\" title=\"CBC_PrivateBanking_U_NEGATIFK\" alt=\"CBC_PrivateBanking_U_NEGATIFK\" loading=\"lazy\" \/>\t\t\t\t\t\t\t\t<\/a>\n\t\t\t\t\t\t\t\t\t\t\t\t\t\t\t<\/div>\n\t\t\t\t<\/div>\n\t\t\t\t<div class=\"elementor-element elementor-element-b8232dc elementor-widget elementor-widget-heading\" data-id=\"b8232dc\" data-element_type=\"widget\" data-widget_type=\"heading.default\">\n\t\t\t\t<div class=\"elementor-widget-container\">\n\t\t\t\t\t<h2 class=\"elementor-heading-title elementor-size-default\">CBC Private Banking : Un service sp\u00e9cialis\u00e9. Des solutions sur mesure.<\/h2>\t\t\t\t<\/div>\n\t\t\t\t<\/div>\n\t\t\t\t<div class=\"elementor-element elementor-element-3674128 elementor-align-left elementor-widget elementor-widget-button\" data-id=\"3674128\" data-element_type=\"widget\" data-widget_type=\"button.default\">\n\t\t\t\t<div class=\"elementor-widget-container\">\n\t\t\t\t\t\t\t\t\t<div class=\"elementor-button-wrapper\">\n\t\t\t\t\t<a class=\"elementor-button elementor-button-link elementor-size-sm\" href=\"https:\/\/www.antica.be\/fr\/partenaires\/\" target=\"_blank\">\n\t\t\t\t\t\t<span class=\"elementor-button-content-wrapper\">\n\t\t\t\t\t\t\t\t\t<span class=\"elementor-button-text\">D\u00e9couvrez nos autres partenaires<\/span>\n\t\t\t\t\t<\/span>\n\t\t\t\t\t<\/a>\n\t\t\t\t<\/div>\n\t\t\t\t\t\t\t\t<\/div>\n\t\t\t\t<\/div>\n\t\t\t\t<\/div>\n\t\t<div class=\"elementor-element elementor-element-5e78c2f e-con-full e-flex e-con e-child\" data-id=\"5e78c2f\" data-element_type=\"container\" data-settings=\"{&quot;background_background&quot;:&quot;classic&quot;}\">\n\t\t\t\t<div class=\"elementor-element elementor-element-6ac8ced elementor-widget elementor-widget-text-editor\" data-id=\"6ac8ced\" data-element_type=\"widget\" data-widget_type=\"text-editor.default\">\n\t\t\t\t<div class=\"elementor-widget-container\">\n\t\t\t\t\t\t\t\t\t<p>Votre patrimoine est unique et sa gestion peut \u00eatre complexe. <strong>CBC Private Banking est un partenaire de confiance et accompagne ses clients dans toutes les sp\u00e9cificit\u00e9s de la gestion de vos avoirs. <\/strong><\/p>\n<p>Gr\u00e2ce \u00e0 notre \u00e9quipe d\u00e9di\u00e9e, ils b\u00e9n\u00e9ficient non seulement des services d\u2019un panel d\u2019Experts transversaux, mais \u00e9galement du savoir-faire d\u2019un bancassureur solide, innovant et soutenu directement par le groupe KBC.<\/p>\n<p>CBC Private Banking adopte une <strong>approche globale de la gestion de patrimoine<\/strong>, qui int\u00e8gre les dimensions financi\u00e8res, humaines et culturelles.<\/p>\n<p><strong>L\u2019art est un patrimoine \u00e0 part enti\u00e8re. <\/strong>Il refl\u00e8te une histoire, une sensibilit\u00e9, une passion. Il m\u00e9rite une attention particuli\u00e8re, tant dans sa constitution et sa conservation que dans sa transmission. C\u2019est pourquoi nous accompagnons nos clients collectionneurs avec leurs objectifs patrimoniaux et familiaux.<\/p>\n<p><strong>\u00catre partenaire d\u2019Antica, c\u2019est aussi affirmer notre volont\u00e9 de soutenir la culture et les initiatives artistiques en Wallonie.<\/strong> Cette collaboration s\u2019inscrit dans la continuit\u00e9 de notre engagement local, au plus pr\u00e8s de nos clients et de leurs passions.<\/p>\n<p>C\u2019est dans cette optique que nous sommes fiers, pour la premi\u00e8re ann\u00e9e, de nous associer \u00e0 la Foire Antica, \u00e9v\u00e9nement de r\u00e9f\u00e9rence pour les amateurs d\u2019art et d\u2019antiquit\u00e9s.<\/p>\n\t\t\t\t\t\t\t\t<\/div>\n\t\t\t\t<\/div>\n\t\t\t\t<\/div>\n\t\t\t\t\t<\/div>\n\t\t\t\t<\/div>\n\t\t\t\t<\/div>\n\t\t","protected":false},"excerpt":{"rendered":"<p>CBC Private Banking : Un service sp\u00e9cialis\u00e9. Des solutions sur mesure. D\u00e9couvrez nos autres partenaires Votre patrimoine est unique et sa gestion peut \u00eatre complexe. CBC Private Banking est un partenaire de confiance et accompagne ses clients dans toutes les sp\u00e9cificit\u00e9s de la gestion de vos avoirs. Gr\u00e2ce \u00e0 notre \u00e9quipe d\u00e9di\u00e9e, ils b\u00e9n\u00e9ficient non [&hellip;]<\/p>\n","protected":false},"author":139,"featured_media":12990,"parent":0,"menu_order":2,"comment_status":"closed","ping_status":"closed","template":"","meta":{"_seopress_robots_primary_cat":"","_seopress_titles_title":"Antica Namur Fine Art Fair | CBC Private Banking","_seopress_titles_desc":"CBC Private Banking adopte une approche globale de la gestion de patrimoine, qui int\u00e8gre les dimensions financi\u00e8res, humaines et culturelles. \u00catre partenaire d\u2019Antica, c\u2019est affirmer leur volont\u00e9 de soutenir la culture et les initiatives artistiques en Wallonie.","_seopress_robots_index":"","footnotes":""},"class_list":["post-1984","page","type-page","status-publish","has-post-thumbnail","hentry"],"_links":{"self":[{"href":"https:\/\/www.antica.be\/fr\/wp-json\/wp\/v2\/pages\/1984","targetHints":{"allow":["GET"]}}],"collection":[{"href":"https:\/\/www.antica.be\/fr\/wp-json\/wp\/v2\/pages"}],"about":[{"href":"https:\/\/www.antica.be\/fr\/wp-json\/wp\/v2\/types\/page"}],"author":[{"embeddable":true,"href":"https:\/\/www.antica.be\/fr\/wp-json\/wp\/v2\/users\/139"}],"replies":[{"embeddable":true,"href":"https:\/\/www.antica.be\/fr\/wp-json\/wp\/v2\/comments?post=1984"}],"version-history":[{"count":5,"href":"https:\/\/www.antica.be\/fr\/wp-json\/wp\/v2\/pages\/1984\/revisions"}],"predecessor-version":[{"id":12987,"href":"https:\/\/www.antica.be\/fr\/wp-json\/wp\/v2\/pages\/1984\/revisions\/12987"}],"wp:featuredmedia":[{"embeddable":true,"href":"https:\/\/www.antica.be\/fr\/wp-json\/wp\/v2\/media\/12990"}],"wp:attachment":[{"href":"https:\/\/www.antica.be\/fr\/wp-json\/wp\/v2\/media?parent=1984"}],"curies":[{"name":"wp","href":"https:\/\/api.w.org\/{rel}","templated":true}]}}