{"id":1982,"date":"2024-07-18T16:39:23","date_gmt":"2024-07-18T15:39:23","guid":{"rendered":"https:\/\/www.antica.be\/premium-partner\/"},"modified":"2025-08-18T11:09:31","modified_gmt":"2025-08-18T10:09:31","slug":"premium-partner","status":"publish","type":"page","link":"https:\/\/www.antica.be\/nl\/premium-partner\/","title":{"rendered":"Premium Partner"},"content":{"rendered":"\t\t<div data-elementor-type=\"wp-page\" data-elementor-id=\"1982\" class=\"elementor elementor-1982 elementor-921\" data-elementor-post-type=\"page\">\n\t\t\t\t<div class=\"elementor-element elementor-element-8cdcd03 e-con-full e-flex e-con e-parent\" data-id=\"8cdcd03\" data-element_type=\"container\">\n\t\t\t\t<div class=\"elementor-element elementor-element-80b3a30 elementor-widget elementor-widget-template\" data-id=\"80b3a30\" data-element_type=\"widget\" data-widget_type=\"template.default\">\n\t\t\t\t<div class=\"elementor-widget-container\">\n\t\t\t\t\t\t\t<div class=\"elementor-template\">\n\t\t\t\t\t<div data-elementor-type=\"container\" data-elementor-id=\"2786\" class=\"elementor elementor-2786 elementor-369\" data-elementor-post-type=\"elementor_library\">\n\t\t\t\t<div class=\"elementor-element elementor-element-2098b71 e-flex e-con-boxed e-con e-parent\" data-id=\"2098b71\" data-element_type=\"container\" data-settings=\"{&quot;background_background&quot;:&quot;classic&quot;}\">\n\t\t\t\t\t<div class=\"e-con-inner\">\n\t\t<div class=\"elementor-element elementor-element-a5e346f e-con-full e-flex e-con e-child\" data-id=\"a5e346f\" data-element_type=\"container\">\n\t\t\t\t<div class=\"elementor-element elementor-element-6b4d074 elementor-widget elementor-widget-heading\" data-id=\"6b4d074\" data-element_type=\"widget\" data-widget_type=\"heading.default\">\n\t\t\t\t<div class=\"elementor-widget-container\">\n\t\t\t\t\t<h2 class=\"elementor-heading-title elementor-size-default\">07-15 november 2026<\/h2>\t\t\t\t<\/div>\n\t\t\t\t<\/div>\n\t\t\t\t<div class=\"elementor-element elementor-element-c100577 elementor-align-left elementor-hidden-desktop elementor-hidden-tablet elementor-hidden-mobile elementor-widget elementor-widget-dynamic-button\" data-id=\"c100577\" data-element_type=\"widget\" data-widget_type=\"dynamic-button.default\">\n\t\t\t\t<div class=\"elementor-widget-container\">\n\t\t\t\t\t        <div class=\"elementor-button-wrapper\">\n            <a href=\"https:\/\/register.visitcloud.com\/survey\/27rzr6np7c3cs\" target=\"_blank\" class=\"elementor-button-link elementor-button elementor-size-lg\" role=\"button\">\n                        <span class=\"elementor-button-content-wrapper\">\n\t\t\t\t\t\t<span class=\"elementor-button-text\">Tickets<\/span>\n\t\t<\/span>\n                    <\/a>\n        <\/div>\n        \t\t\t\t<\/div>\n\t\t\t\t<\/div>\n\t\t\t\t<\/div>\n\t\t<div class=\"elementor-element elementor-element-d130f46 e-con-full e-flex e-con e-child\" data-id=\"d130f46\" data-element_type=\"container\">\n\t\t\t\t<div class=\"elementor-element elementor-element-8d193fa e-transform elementor-widget elementor-widget-image\" data-id=\"8d193fa\" data-element_type=\"widget\" data-settings=\"{&quot;motion_fx_motion_fx_scrolling&quot;:&quot;yes&quot;,&quot;motion_fx_translateY_effect&quot;:&quot;yes&quot;,&quot;motion_fx_translateY_speed&quot;:{&quot;unit&quot;:&quot;px&quot;,&quot;size&quot;:7,&quot;sizes&quot;:[]},&quot;motion_fx_devices&quot;:[&quot;desktop&quot;,&quot;tablet&quot;],&quot;_transform_translateY_effect&quot;:{&quot;unit&quot;:&quot;px&quot;,&quot;size&quot;:230,&quot;sizes&quot;:[]},&quot;_transform_translateY_effect_tablet&quot;:{&quot;unit&quot;:&quot;px&quot;,&quot;size&quot;:100,&quot;sizes&quot;:[]},&quot;_transform_translateY_effect_mobile&quot;:{&quot;unit&quot;:&quot;px&quot;,&quot;size&quot;:40,&quot;sizes&quot;:[]},&quot;motion_fx_translateY_affectedRange&quot;:{&quot;unit&quot;:&quot;%&quot;,&quot;size&quot;:&quot;&quot;,&quot;sizes&quot;:{&quot;start&quot;:0,&quot;end&quot;:100}},&quot;_transform_translateX_effect&quot;:{&quot;unit&quot;:&quot;px&quot;,&quot;size&quot;:&quot;&quot;,&quot;sizes&quot;:[]},&quot;_transform_translateX_effect_tablet&quot;:{&quot;unit&quot;:&quot;px&quot;,&quot;size&quot;:&quot;&quot;,&quot;sizes&quot;:[]},&quot;_transform_translateX_effect_mobile&quot;:{&quot;unit&quot;:&quot;px&quot;,&quot;size&quot;:&quot;&quot;,&quot;sizes&quot;:[]}}\" data-widget_type=\"image.default\">\n\t\t\t\t<div class=\"elementor-widget-container\">\n\t\t\t\t\t\t\t\t\t\t\t\t\t\t\t<img decoding=\"async\" width=\"190\" height=\"215\" src=\"https:\/\/easyfairsassets.com\/sites\/332\/2024\/07\/N_Icon.svg\" class=\"attachment-large size-large wp-image-75\" alt=\"\" \/>\t\t\t\t\t\t\t\t\t\t\t\t\t\t\t<\/div>\n\t\t\t\t<\/div>\n\t\t\t\t<\/div>\n\t\t\t\t\t<\/div>\n\t\t\t\t<\/div>\n\t\t\t\t<\/div>\n\t\t\t\t<\/div>\n\t\t\t\t\t\t<\/div>\n\t\t\t\t<\/div>\n\t\t\t\t<\/div>\n\t\t<div class=\"elementor-element elementor-element-c961539 e-flex e-con-boxed e-con e-parent\" data-id=\"c961539\" data-element_type=\"container\">\n\t\t\t\t\t<div class=\"e-con-inner\">\n\t\t<div class=\"elementor-element elementor-element-6ee275a e-con-full e-flex e-con e-child\" data-id=\"6ee275a\" data-element_type=\"container\" data-settings=\"{&quot;background_background&quot;:&quot;classic&quot;}\">\n\t\t\t\t<div class=\"elementor-element elementor-element-95f4b84 elementor-widget elementor-widget-image\" data-id=\"95f4b84\" data-element_type=\"widget\" data-widget_type=\"image.default\">\n\t\t\t\t<div class=\"elementor-widget-container\">\n\t\t\t\t\t\t\t\t\t\t\t\t\t\t\t\t<a href=\"https:\/\/www.cbc.be\/private-banking\/fr.html\" target=\"_blank\">\n\t\t\t\t\t\t\t<img decoding=\"async\" src=\"https:\/\/easyfairsassets.com\/sites\/332\/elementor\/thumbs\/CBC_PrivateBanking_U_NEGATIFK-r7l9tqhic7nx4fr4kjhna740ild9qkvocnlc59cizc.png\" title=\"CBC_PrivateBanking_U_NEGATIFK\" alt=\"CBC_PrivateBanking_U_NEGATIFK\" loading=\"lazy\" \/>\t\t\t\t\t\t\t\t<\/a>\n\t\t\t\t\t\t\t\t\t\t\t\t\t\t\t<\/div>\n\t\t\t\t<\/div>\n\t\t\t\t<div class=\"elementor-element elementor-element-b8232dc elementor-widget elementor-widget-heading\" data-id=\"b8232dc\" data-element_type=\"widget\" data-widget_type=\"heading.default\">\n\t\t\t\t<div class=\"elementor-widget-container\">\n\t\t\t\t\t<h2 class=\"elementor-heading-title elementor-size-default\">CBC Private Banking: Een gespecialiseerde service. Oplossingen op maat.<\/h2>\t\t\t\t<\/div>\n\t\t\t\t<\/div>\n\t\t\t\t<div class=\"elementor-element elementor-element-3674128 elementor-align-left elementor-widget elementor-widget-button\" data-id=\"3674128\" data-element_type=\"widget\" data-widget_type=\"button.default\">\n\t\t\t\t<div class=\"elementor-widget-container\">\n\t\t\t\t\t\t\t\t\t<div class=\"elementor-button-wrapper\">\n\t\t\t\t\t<a class=\"elementor-button elementor-button-link elementor-size-sm\" href=\"https:\/\/www.antica.be\/nl\/partners\/\" target=\"_blank\">\n\t\t\t\t\t\t<span class=\"elementor-button-content-wrapper\">\n\t\t\t\t\t\t\t\t\t<span class=\"elementor-button-text\">Bekijk onze andere partners<\/span>\n\t\t\t\t\t<\/span>\n\t\t\t\t\t<\/a>\n\t\t\t\t<\/div>\n\t\t\t\t\t\t\t\t<\/div>\n\t\t\t\t<\/div>\n\t\t\t\t<\/div>\n\t\t<div class=\"elementor-element elementor-element-5e78c2f e-con-full e-flex e-con e-child\" data-id=\"5e78c2f\" data-element_type=\"container\" data-settings=\"{&quot;background_background&quot;:&quot;classic&quot;}\">\n\t\t\t\t<div class=\"elementor-element elementor-element-6ac8ced elementor-widget elementor-widget-text-editor\" data-id=\"6ac8ced\" data-element_type=\"widget\" data-widget_type=\"text-editor.default\">\n\t\t\t\t<div class=\"elementor-widget-container\">\n\t\t\t\t\t\t\t\t\t<p>Uw vermogen is uniek en het beheer ervan kan complex zijn. <strong>CBC Private Banking is een vertrouwde partner en ondersteunt haar klanten bij alle specifieke aspecten van het beheer van uw vermogen. <\/strong><\/p>\n<p>Dankzij ons toegewijde team profiteren zij niet alleen van de diensten van een panel van cross-functionele experts, maar ook van de knowhow van een solide, innovatieve bankverzekeraar die rechtstreeks door KBC Groep wordt ondersteund.<\/p>\n<p>CBC Private Banking hanteert een <strong>globale benadering van vermogensbeheer<\/strong>, waarbij de financi\u00eble, menselijke en culturele dimensies worden ge\u00efntegreerd.<\/p>\n<p><strong>Kunst is een waarde op zich<\/strong>. Ze weerspiegelt een geschiedenis, een gevoeligheid en een passie. Het verdient speciale aandacht, zowel bij de creatie en het behoud als bij de overdracht. Daarom ondersteunen we onze klanten-verzamelaars in hun erfgoed- en familiedoelstellingen.<\/p>\n<p><strong>Partner zijn van Antica betekent ook onze wil bevestigen om cultuur en artistieke initiatieven in Walloni\u00eb te ondersteunen. <\/strong><\/p>\n<p>Deze samenwerking is een voortzetting van ons lokaal engagement, zo dicht mogelijk bij onze klanten en hun passies.<\/p>\n<p>Daarom zijn we trots om voor het eerst deel uit te maken van de Antica-beurs, een referentie-evenement voor kunst- en antiekliefhebbers.<\/p>\n\t\t\t\t\t\t\t\t<\/div>\n\t\t\t\t<\/div>\n\t\t\t\t<\/div>\n\t\t\t\t\t<\/div>\n\t\t\t\t<\/div>\n\t\t\t\t<\/div>\n\t\t","protected":false},"excerpt":{"rendered":"<p>CBC Private Banking: Een gespecialiseerde service. Oplossingen op maat. Bekijk onze andere partners Uw vermogen is uniek en het beheer ervan kan complex zijn. CBC Private Banking is een vertrouwde partner en ondersteunt haar klanten bij alle specifieke aspecten van het beheer van uw vermogen. Dankzij ons toegewijde team profiteren zij niet alleen van de [&hellip;]<\/p>\n","protected":false},"author":139,"featured_media":12989,"parent":0,"menu_order":2,"comment_status":"closed","ping_status":"closed","template":"","meta":{"_seopress_robots_primary_cat":"","_seopress_titles_title":"Antica Namur Fine Art Fair | CBC Private Banking","_seopress_titles_desc":"CBC Private Banking hanteert een globale benadering van vermogensbeheer, waarbij de financi\u00eble, menselijke en culturele dimensies worden ge\u00efntegreerd. Partner zijn van Antica betekent ook hun wil bevestigen om cultuur en artistieke initiatieven in Walloni\u00eb te ondersteunen.","_seopress_robots_index":"","footnotes":""},"class_list":["post-1982","page","type-page","status-publish","has-post-thumbnail","hentry"],"_links":{"self":[{"href":"https:\/\/www.antica.be\/nl\/wp-json\/wp\/v2\/pages\/1982","targetHints":{"allow":["GET"]}}],"collection":[{"href":"https:\/\/www.antica.be\/nl\/wp-json\/wp\/v2\/pages"}],"about":[{"href":"https:\/\/www.antica.be\/nl\/wp-json\/wp\/v2\/types\/page"}],"author":[{"embeddable":true,"href":"https:\/\/www.antica.be\/nl\/wp-json\/wp\/v2\/users\/139"}],"replies":[{"embeddable":true,"href":"https:\/\/www.antica.be\/nl\/wp-json\/wp\/v2\/comments?post=1982"}],"version-history":[{"count":5,"href":"https:\/\/www.antica.be\/nl\/wp-json\/wp\/v2\/pages\/1982\/revisions"}],"predecessor-version":[{"id":13000,"href":"https:\/\/www.antica.be\/nl\/wp-json\/wp\/v2\/pages\/1982\/revisions\/13000"}],"wp:featuredmedia":[{"embeddable":true,"href":"https:\/\/www.antica.be\/nl\/wp-json\/wp\/v2\/media\/12989"}],"wp:attachment":[{"href":"https:\/\/www.antica.be\/nl\/wp-json\/wp\/v2\/media?parent=1982"}],"curies":[{"name":"wp","href":"https:\/\/api.w.org\/{rel}","templated":true}]}}